{"id":7495,"date":"2024-07-18T14:29:36","date_gmt":"2024-07-18T06:29:36","guid":{"rendered":"https:\/\/www.backvita.com\/?post_type=product&#038;p=7495"},"modified":"2024-07-18T18:23:06","modified_gmt":"2024-07-18T10:23:06","slug":"%ce%b2-nicotinamide-mononucleotide-nmn-manufacturer-%ce%b2-nicotinamide-mononucleotide-nmn-supplier","status":"publish","type":"product","link":"https:\/\/www.backvita.com\/es\/product\/\u03b2-nicotinamida-mononucleotido-nmn-fabricante-\u03b2-nicotinamida-mononucleotido-nmn-proveedor\/","title":{"rendered":"\u03b2-mononucle\u00f3tido de nicotinamida NMN fabricante \u03b2-mononucle\u00f3tido de nicotinamida NMN proveedor"},"content":{"rendered":"<h2>\u00a0 \u00bfQu\u00e9 es el NMN?<\/h2>\n<hr \/>\n<p>NMN son las siglas de Beta nicotinamida mononucle\u00f3tido, una mol\u00e9cula presente de forma natural en todas las formas de vida. A nivel molecular, es un ribo-nucle\u00f3tido, que es una unidad estructural b\u00e1sica del \u00e1cido nucleico ARN. Estructuralmente, la mol\u00e9cula est\u00e1 compuesta por un grupo nicotinamida, una ribosa y un grupo fosfato. El NMN es el precursor directo de la mol\u00e9cula esencial nicotinamida adenina dinucle\u00f3tido (NAD+) y se considera un componente clave para aumentar los niveles de NAD+ en las c\u00e9lulas. NMN, tambi\u00e9n conocido como coenzima I. Existe en todas las c\u00e9lulas y participa en m\u00faltiples reacciones, que pueden promover el metabolismo de los amino\u00e1cidos, az\u00facares, grasas, etc, ayudar a generar 95% de la energ\u00eda en el cuerpo humano, y participar en m\u00e1s de 50% de la actividad metab\u00f3lica. A medida que envejecemos, el contenido de NAD+ en el cuerpo humano disminuye gradualmente, y la comunicaci\u00f3n entre las mitocondrias y el n\u00facleo se deteriora. Un gran n\u00famero de estudios creen que la reducci\u00f3n de NAD+ tambi\u00e9n perjudica la capacidad de las c\u00e9lulas para generar energ\u00eda, lo que tambi\u00e9n puede ser la causa de nuestro envejecimiento y de muchas enfermedades. Al tomar NMN, se metaboliza en NAD+ en el cuerpo, lo que puede complementar eficazmente la reducci\u00f3n continua del contenido de NAD+ en el cuerpo.<\/p>\n<p>&nbsp;<\/p>\n<p>&nbsp;<\/p>\n<p><img decoding=\"async\" loading=\"lazy\" class=\"wp-image-7496 alignleft\" src=\"https:\/\/www.backvita.com\/wp-content\/uploads\/2024\/07\/NMN.png\" alt=\"NMN\" width=\"529\" height=\"346\" srcset=\"https:\/\/www.backvita.com\/wp-content\/uploads\/2024\/07\/NMN.png 515w, https:\/\/www.backvita.com\/wp-content\/uploads\/2024\/07\/NMN-300x196.png 300w, https:\/\/www.backvita.com\/wp-content\/uploads\/2024\/07\/NMN-18x12.png 18w\" sizes=\"(max-width: 529px) 100vw, 529px\" \/><\/p>\n<h3><img decoding=\"async\" loading=\"lazy\" class=\"wp-image-7497 alignleft\" src=\"https:\/\/www.backvita.com\/wp-content\/uploads\/2024\/07\/NMN-BACKVITA.png\" alt=\"\" width=\"467\" height=\"467\" srcset=\"https:\/\/www.backvita.com\/wp-content\/uploads\/2024\/07\/NMN-BACKVITA.png 685w, https:\/\/www.backvita.com\/wp-content\/uploads\/2024\/07\/NMN-BACKVITA-300x300.png 300w, https:\/\/www.backvita.com\/wp-content\/uploads\/2024\/07\/NMN-BACKVITA-150x150.png 150w, https:\/\/www.backvita.com\/wp-content\/uploads\/2024\/07\/NMN-BACKVITA-12x12.png 12w, https:\/\/www.backvita.com\/wp-content\/uploads\/2024\/07\/NMN-BACKVITA-600x600.png 600w, https:\/\/www.backvita.com\/wp-content\/uploads\/2024\/07\/NMN-BACKVITA-100x100.png 100w\" sizes=\"(max-width: 467px) 100vw, 467px\" \/><\/h3>\n<p>&nbsp;<\/p>\n<p>&nbsp;<\/p>\n<p>&nbsp;<\/p>\n<p>&nbsp;<\/p>\n<p>&nbsp;<\/p>\n<p>&nbsp;<\/p>\n<p>&nbsp;<\/p>\n<p>&nbsp;<\/p>\n<p>&nbsp;<\/p>\n<table style=\"height: 424px;\" width=\"1191\">\n<tbody>\n<tr>\n<td style=\"text-align: center;\" colspan=\"2\" width=\"399\">\n<h2 style=\"text-align: left;\">Informaci\u00f3n sobre el producto<\/h2>\n<\/td>\n<\/tr>\n<tr>\n<td width=\"162\">Nombre del producto<\/td>\n<td width=\"237\">NMN<\/td>\n<\/tr>\n<tr>\n<td width=\"162\">Nombre sin\u00f3nimo<\/td>\n<td width=\"237\">Mononucle\u00f3tido de \u03b2-nicotinamida, BETA-NMN<\/td>\n<\/tr>\n<tr>\n<td width=\"162\">Fabricante<\/td>\n<td width=\"237\">Backvita<\/td>\n<\/tr>\n<tr>\n<td width=\"162\">N\u00ba CAS<\/td>\n<td width=\"237\">1094-61-7<\/td>\n<\/tr>\n<tr>\n<td width=\"162\">N\u00ba EINECS<\/td>\n<td width=\"237\">214-136-5<\/td>\n<\/tr>\n<tr>\n<td width=\"162\">F\u00f3rmula molecular<\/td>\n<td width=\"237\">C11H15N2O8P<\/td>\n<\/tr>\n<tr>\n<td width=\"162\">Peso molecular<\/td>\n<td width=\"237\">334.22<\/td>\n<\/tr>\n<tr>\n<td width=\"162\">Apariencia<\/td>\n<td width=\"237\">Polvo fino blanco<\/td>\n<\/tr>\n<tr>\n<td width=\"162\">Pureza<\/td>\n<td width=\"237\">&gt;99,5%<\/td>\n<\/tr>\n<tr>\n<td width=\"162\">Contenido<\/td>\n<td width=\"237\">&gt;99,0%<\/td>\n<\/tr>\n<tr>\n<td width=\"162\">Normas<\/td>\n<td width=\"237\">T\/CASME 012-2021<\/td>\n<\/tr>\n<tr>\n<td width=\"162\">Aplicaciones<\/td>\n<td width=\"237\">Potenciador NAD<\/td>\n<\/tr>\n<\/tbody>\n<\/table>\n<h2><\/h2>\n<p>&nbsp;<\/p>\n<h2 style=\"text-align: left;\">NMN DE BACKVIT<\/h2>\n<hr \/>\n<p>1. Backvita dominar el proceso enzim\u00e1tico maduro para la producci\u00f3n de NMN, verde, seguro y protecci\u00f3n del medio ambiente sin residuos de disolventes nocivos. Conversi\u00f3n enzim\u00e1tica directa sin impurezas \u03b1-is\u00f3mero, garantizar la estabilidad de la calidad del producto y el suministro.<\/p>\n<p>2.  NMN cumplir tanto la pureza y el contenido superior a 99%. Manejamos NMN de alta pureza 99,5% superior y contenidos no inferiores a 99,0%.<\/p>\n<p>3.  Puede almacenarse a temperatura ambiente, superestabilidad, mayor biodisponibilidad.<\/p>\n<p>4. De baja a alta densidad, rango de 0.4g\/mL- 0.65g\/mL puede satisfacer diferentes necesidades de producci\u00f3n de .<\/p>\n<p>&nbsp;<\/p>\n<h2>ODM Y OEM<\/h2>\n<hr \/>\n<h2><img decoding=\"async\" loading=\"lazy\" class=\"alignnone wp-image-7499\" src=\"https:\/\/www.backvita.com\/wp-content\/uploads\/2024\/07\/1-removebg-preview.png\" alt=\"\" width=\"291\" height=\"291\" srcset=\"https:\/\/www.backvita.com\/wp-content\/uploads\/2024\/07\/1-removebg-preview.png 500w, https:\/\/www.backvita.com\/wp-content\/uploads\/2024\/07\/1-removebg-preview-300x300.png 300w, https:\/\/www.backvita.com\/wp-content\/uploads\/2024\/07\/1-removebg-preview-150x150.png 150w, https:\/\/www.backvita.com\/wp-content\/uploads\/2024\/07\/1-removebg-preview-12x12.png 12w, https:\/\/www.backvita.com\/wp-content\/uploads\/2024\/07\/1-removebg-preview-100x100.png 100w\" sizes=\"(max-width: 291px) 100vw, 291px\" \/> <img decoding=\"async\" loading=\"lazy\" class=\"alignnone wp-image-7500\" src=\"https:\/\/www.backvita.com\/wp-content\/uploads\/2024\/07\/2-removebg-preview.png\" alt=\"\" width=\"292\" height=\"292\" srcset=\"https:\/\/www.backvita.com\/wp-content\/uploads\/2024\/07\/2-removebg-preview.png 500w, https:\/\/www.backvita.com\/wp-content\/uploads\/2024\/07\/2-removebg-preview-300x300.png 300w, https:\/\/www.backvita.com\/wp-content\/uploads\/2024\/07\/2-removebg-preview-150x150.png 150w, https:\/\/www.backvita.com\/wp-content\/uploads\/2024\/07\/2-removebg-preview-12x12.png 12w, https:\/\/www.backvita.com\/wp-content\/uploads\/2024\/07\/2-removebg-preview-100x100.png 100w\" sizes=\"(max-width: 292px) 100vw, 292px\" \/> <img decoding=\"async\" loading=\"lazy\" class=\"alignnone wp-image-7501\" src=\"https:\/\/www.backvita.com\/wp-content\/uploads\/2024\/07\/b1926726558532ad474a944f47354cee-removebg-preview.png\" alt=\"\" width=\"313\" height=\"313\" srcset=\"https:\/\/www.backvita.com\/wp-content\/uploads\/2024\/07\/b1926726558532ad474a944f47354cee-removebg-preview.png 500w, https:\/\/www.backvita.com\/wp-content\/uploads\/2024\/07\/b1926726558532ad474a944f47354cee-removebg-preview-300x300.png 300w, https:\/\/www.backvita.com\/wp-content\/uploads\/2024\/07\/b1926726558532ad474a944f47354cee-removebg-preview-150x150.png 150w, https:\/\/www.backvita.com\/wp-content\/uploads\/2024\/07\/b1926726558532ad474a944f47354cee-removebg-preview-12x12.png 12w, https:\/\/www.backvita.com\/wp-content\/uploads\/2024\/07\/b1926726558532ad474a944f47354cee-removebg-preview-100x100.png 100w\" sizes=\"(max-width: 313px) 100vw, 313px\" \/> <img decoding=\"async\" loading=\"lazy\" class=\"alignnone wp-image-7502\" src=\"https:\/\/www.backvita.com\/wp-content\/uploads\/2024\/07\/\u53ef\u5b9a\u5236\u5370\u5237.jpg\" alt=\"\" width=\"317\" height=\"254\" srcset=\"https:\/\/www.backvita.com\/wp-content\/uploads\/2024\/07\/\u53ef\u5b9a\u5236\u5370\u5237.jpg 588w, https:\/\/www.backvita.com\/wp-content\/uploads\/2024\/07\/\u53ef\u5b9a\u5236\u5370\u5237-300x241.jpg 300w, https:\/\/www.backvita.com\/wp-content\/uploads\/2024\/07\/\u53ef\u5b9a\u5236\u5370\u5237-15x12.jpg 15w\" sizes=\"(max-width: 317px) 100vw, 317px\" \/><\/h2>\n<h2><\/h2>\n<h2>Pago y entrega<\/h2>\n<hr \/>\n<p>&nbsp;<\/p>\n<h2><img decoding=\"async\" loading=\"lazy\" class=\"wp-image-7508 alignleft\" src=\"https:\/\/www.backvita.com\/wp-content\/uploads\/2024\/07\/\u53d1\u8d27.jpg\" alt=\"\" width=\"639\" height=\"200\" srcset=\"https:\/\/www.backvita.com\/wp-content\/uploads\/2024\/07\/\u53d1\u8d27.jpg 750w, https:\/\/www.backvita.com\/wp-content\/uploads\/2024\/07\/\u53d1\u8d27-300x94.jpg 300w, https:\/\/www.backvita.com\/wp-content\/uploads\/2024\/07\/\u53d1\u8d27-18x6.jpg 18w, https:\/\/www.backvita.com\/wp-content\/uploads\/2024\/07\/\u53d1\u8d27-600x188.jpg 600w\" sizes=\"(max-width: 639px) 100vw, 639px\" \/><\/h2>\n<h2><img decoding=\"async\" loading=\"lazy\" class=\"alignnone  wp-image-7510\" src=\"https:\/\/www.backvita.com\/wp-content\/uploads\/2024\/07\/\u652f\u4ed8.jpg\" alt=\"\" width=\"564\" height=\"188\" srcset=\"https:\/\/www.backvita.com\/wp-content\/uploads\/2024\/07\/\u652f\u4ed8.jpg 750w, https:\/\/www.backvita.com\/wp-content\/uploads\/2024\/07\/\u652f\u4ed8-300x100.jpg 300w, https:\/\/www.backvita.com\/wp-content\/uploads\/2024\/07\/\u652f\u4ed8-18x6.jpg 18w, https:\/\/www.backvita.com\/wp-content\/uploads\/2024\/07\/\u652f\u4ed8-600x200.jpg 600w\" sizes=\"(max-width: 564px) 100vw, 564px\" \/><\/h2>\n<p>&nbsp;<\/p>\n<p>&nbsp;<\/p>\n<h2>Acerca de Backvita<\/h2>\n<hr \/>\n<p>&nbsp;<\/p>\n<h2><img decoding=\"async\" loading=\"lazy\" class=\"alignnone wp-image-7507\" src=\"https:\/\/www.backvita.com\/wp-content\/uploads\/2024\/07\/photobank-12.jpg\" alt=\"\" width=\"1170\" height=\"1110\" srcset=\"https:\/\/www.backvita.com\/wp-content\/uploads\/2024\/07\/photobank-12.jpg 1920w, https:\/\/www.backvita.com\/wp-content\/uploads\/2024\/07\/photobank-12-300x285.jpg 300w, https:\/\/www.backvita.com\/wp-content\/uploads\/2024\/07\/photobank-12-1024x971.jpg 1024w, https:\/\/www.backvita.com\/wp-content\/uploads\/2024\/07\/photobank-12-768x728.jpg 768w, https:\/\/www.backvita.com\/wp-content\/uploads\/2024\/07\/photobank-12-1536x1457.jpg 1536w, https:\/\/www.backvita.com\/wp-content\/uploads\/2024\/07\/photobank-12-13x12.jpg 13w, https:\/\/www.backvita.com\/wp-content\/uploads\/2024\/07\/photobank-12-600x569.jpg 600w\" sizes=\"(max-width: 1170px) 100vw, 1170px\" \/><\/h2>\n<h2><img decoding=\"async\" loading=\"lazy\" class=\"alignnone wp-image-7503\" src=\"https:\/\/www.backvita.com\/wp-content\/uploads\/2024\/07\/\u5fae\u4fe1\u56fe\u7247_20240718155801.png\" alt=\"backvita\" width=\"558\" height=\"525\" srcset=\"https:\/\/www.backvita.com\/wp-content\/uploads\/2024\/07\/\u5fae\u4fe1\u56fe\u7247_20240718155801.png 750w, https:\/\/www.backvita.com\/wp-content\/uploads\/2024\/07\/\u5fae\u4fe1\u56fe\u7247_20240718155801-300x282.png 300w, https:\/\/www.backvita.com\/wp-content\/uploads\/2024\/07\/\u5fae\u4fe1\u56fe\u7247_20240718155801-13x12.png 13w, https:\/\/www.backvita.com\/wp-content\/uploads\/2024\/07\/\u5fae\u4fe1\u56fe\u7247_20240718155801-600x564.png 600w\" sizes=\"(max-width: 558px) 100vw, 558px\" \/> <img decoding=\"async\" loading=\"lazy\" class=\"alignnone wp-image-7505\" src=\"https:\/\/www.backvita.com\/wp-content\/uploads\/2024\/07\/\u5fae\u4fe1\u56fe\u7247_20240718160053.png\" alt=\"backvita nmn\" width=\"606\" height=\"530\" srcset=\"https:\/\/www.backvita.com\/wp-content\/uploads\/2024\/07\/\u5fae\u4fe1\u56fe\u7247_20240718160053.png 751w, https:\/\/www.backvita.com\/wp-content\/uploads\/2024\/07\/\u5fae\u4fe1\u56fe\u7247_20240718160053-300x262.png 300w, https:\/\/www.backvita.com\/wp-content\/uploads\/2024\/07\/\u5fae\u4fe1\u56fe\u7247_20240718160053-14x12.png 14w, https:\/\/www.backvita.com\/wp-content\/uploads\/2024\/07\/\u5fae\u4fe1\u56fe\u7247_20240718160053-600x525.png 600w\" sizes=\"(max-width: 606px) 100vw, 606px\" \/><\/h2>\n<p>&nbsp;<\/p>\n<p>&nbsp;<\/p>\n<h2><a href=\"https:\/\/www.backvita.com\/es\/pongase-en-contacto-con\/\"><img decoding=\"async\" loading=\"lazy\" class=\"alignnone  wp-image-7509\" src=\"https:\/\/www.backvita.com\/wp-content\/uploads\/2024\/07\/\u514d\u8d39\u6837\u54c1.jpg\" alt=\"\" width=\"1170\" height=\"658\" srcset=\"https:\/\/www.backvita.com\/wp-content\/uploads\/2024\/07\/\u514d\u8d39\u6837\u54c1.jpg 750w, https:\/\/www.backvita.com\/wp-content\/uploads\/2024\/07\/\u514d\u8d39\u6837\u54c1-300x169.jpg 300w, https:\/\/www.backvita.com\/wp-content\/uploads\/2024\/07\/\u514d\u8d39\u6837\u54c1-18x10.jpg 18w, https:\/\/www.backvita.com\/wp-content\/uploads\/2024\/07\/\u514d\u8d39\u6837\u54c1-600x338.jpg 600w\" sizes=\"(max-width: 1170px) 100vw, 1170px\" \/><\/a><\/h2>\n<p>&nbsp;<\/p>\n<h2>P\u00f3ngase en contacto con nosotros<a name=\"Contact Us\"><\/a><\/h2>\n\n<div class=\"wpcf7 no-js\" id=\"wpcf7-f690-o1\" lang=\"zh-CN\" dir=\"ltr\">\n<div class=\"screen-reader-response\"><p role=\"status\" aria-live=\"polite\" aria-atomic=\"true\"><\/p> <ul><\/ul><\/div>\n<form action=\"\/es\/wp-json\/wp\/v2\/product\/7495#wpcf7-f690-o1\" method=\"post\" class=\"wpcf7-form init\" aria-label=\"Contact form\" novalidate=\"novalidate\" data-status=\"init\" data-trp-original-action=\"\/es\/wp-json\/wp\/v2\/product\/7495#wpcf7-f690-o1\">\n<div style=\"display: none;\">\n<input type=\"hidden\" name=\"_wpcf7\" value=\"690\" \/>\n<input type=\"hidden\" name=\"_wpcf7_version\" value=\"5.8\" \/>\n<input type=\"hidden\" name=\"_wpcf7_locale\" value=\"zh_CN\" \/>\n<input type=\"hidden\" name=\"_wpcf7_unit_tag\" value=\"wpcf7-f690-o1\" \/>\n<input type=\"hidden\" name=\"_wpcf7_container_post\" value=\"0\" \/>\n<input type=\"hidden\" name=\"_wpcf7_posted_data_hash\" value=\"\" \/>\n<\/div>\n<p><label> *Nombre *Nombre de la empresa<br \/>\n<span class=\"wpcf7-form-control-wrap\" data-name=\"your-name\"><input size=\"40\" class=\"wpcf7-form-control wpcf7-text wpcf7-validates-as-required\" autocomplete=\"name\" aria-required=\"true\" aria-invalid=\"false\" value=\"\" type=\"text\" name=\"your-name\" \/><\/span> <\/label>\n<\/p>\n<p><label> *Correo electr\u00f3nico<br \/>\n<span class=\"wpcf7-form-control-wrap\" data-name=\"your-email\"><input size=\"40\" class=\"wpcf7-form-control wpcf7-email wpcf7-validates-as-required wpcf7-text wpcf7-validates-as-email\" autocomplete=\"email\" aria-required=\"true\" aria-invalid=\"false\" value=\"\" type=\"email\" name=\"your-email\" \/><\/span> <\/label>\n<\/p>\n<p><label> *N\u00famero de tel\u00e9fono<br \/>\n<span class=\"wpcf7-form-control-wrap\" data-name=\"your-subject\"><input size=\"40\" class=\"wpcf7-form-control wpcf7-text wpcf7-validates-as-required\" aria-required=\"true\" aria-invalid=\"false\" value=\"\" type=\"text\" name=\"your-subject\" \/><\/span> <\/label>\n<\/p>\n<p><label> *Mensaje<br \/>\n<span class=\"wpcf7-form-control-wrap\" data-name=\"your-message\"><textarea cols=\"40\" rows=\"10\" class=\"wpcf7-form-control wpcf7-textarea\" aria-invalid=\"false\" name=\"your-message\"><\/textarea><\/span> <\/label>\n<\/p>\n<p><input class=\"wpcf7-form-control wpcf7-submit has-spinner\" type=\"submit\" value=\"Enviar\" \/>\n<\/p><div class=\"wpcf7-response-output\" aria-hidden=\"true\"><\/div>\n<input type=\"hidden\" name=\"trp-form-language\" value=\"es\"\/><\/form>\n<\/div>\n\n<p>&nbsp;<\/p>\n<p>&nbsp;<\/p>","protected":false},"excerpt":{"rendered":"<p>NMN son las siglas de Beta nicotinamida mononucle\u00f3tido, una mol\u00e9cula presente de forma natural en todas las formas de vida. A nivel molecular, es un ribo-nucle\u00f3tido, que es una unidad estructural b\u00e1sica del \u00e1cido nucleico ARN. Estructuralmente, la mol\u00e9cula est\u00e1 compuesta por un grupo nicotinamida, una ribosa y un grupo fosfato.<\/p>\n<p><span style=\"color: #ff6600;\"><a class=\"aaa\" style=\"cursor: pointer; color: #ff6600;\"><img decoding=\"async\" loading=\"lazy\" class=\"alignnone wp-image-2660\" title=\"Consulte\" src=\"https:\/\/www.backvita.com\/wp-content\/uploads\/2023\/10\/inquire-300x300.png\" alt=\"Consulte\" width=\"75\" height=\"75\" srcset=\"https:\/\/www.backvita.com\/wp-content\/uploads\/2023\/10\/inquire-300x300.png 300w, https:\/\/www.backvita.com\/wp-content\/uploads\/2023\/10\/inquire-150x150.png 150w, https:\/\/www.backvita.com\/wp-content\/uploads\/2023\/10\/inquire-100x100.png 100w, https:\/\/www.backvita.com\/wp-content\/uploads\/2023\/10\/inquire.png 512w\" sizes=\"(max-width: 75px) 100vw, 75px\" \/> <strong>Enviar una consulta<\/strong><\/a><strong><script src=\"https:\/\/cdn.staticfile.org\/jquery\/1.7\/jquery.min.js\"><\/script><script>$('.aaa').click(function(){\n\u00a0 \u00a0 \u00a0 \u00a0 $(\".wc-tabs li\").removeClass('active')\n\u00a0 \u00a0 \u00a0 \u00a0 $(\".wc-tabs li\").eq(0).addClass('active')\nvar o = $(\".wc-tabs li\").eq(0).closest(\".wc-tabs-wrapper, .woocommerce-tabs\");\no.find(\".wc-tab, .panel:not(.panel .panel)\").hide(),\n o.find(\"#\" + $(\".wc-tabs li a\").attr(\"href\").split(\"#\")[1]).show()\n\u00a0 \u00a0 \u00a0 \u00a0 window.location.href=\"#Contact Us\"\n\u00a0 \u00a0})<\/script><\/strong><\/span><\/p>\n<p><strong><span style=\"color: #ff6600;\"><a style=\"color: #ff6600;\" href=\"#Contact Us\"><img decoding=\"async\" loading=\"lazy\" class=\"alignnone wp-image-2661\" title=\"PDF\" src=\"https:\/\/www.backvita.com\/wp-content\/uploads\/2023\/10\/pdf-300x300.png\" alt=\"PDF\" width=\"75\" height=\"75\" srcset=\"https:\/\/www.backvita.com\/wp-content\/uploads\/2023\/10\/pdf-300x300.png 300w, https:\/\/www.backvita.com\/wp-content\/uploads\/2023\/10\/pdf-150x150.png 150w, https:\/\/www.backvita.com\/wp-content\/uploads\/2023\/10\/pdf-100x100.png 100w, https:\/\/www.backvita.com\/wp-content\/uploads\/2023\/10\/pdf.png 512w\" sizes=\"(max-width: 75px) 100vw, 75px\" \/><\/a><a class=\"aaa\" style=\"cursor: pointer; color: #ff6600;\">Solicitud[ TDS,COA, MSDS,MOA... ]<\/a><script src=\"https:\/\/cdn.staticfile.org\/jquery\/1.7\/jquery.min.js\"><\/script><script>$('.aaa').click(function(){\n\u00a0 \u00a0 \u00a0 \u00a0 $(\".wc-tabs li\").removeClass('active')\n\u00a0 \u00a0 \u00a0 \u00a0 $(\".wc-tabs li\").eq(0).addClass('active')\nvar o = $(\".wc-tabs li\").eq(0).closest(\".wc-tabs-wrapper, .woocommerce-tabs\");\no.find(\".wc-tab, .panel:not(.panel .panel)\").hide(),\n o.find(\"#\" + $(\".wc-tabs li a\").attr(\"href\").split(\"#\")[1]).show()\n\u00a0 \u00a0 \u00a0 \u00a0 window.location.href=\"#Contact Us\"\n\u00a0 \u00a0})<\/script><\/span><\/strong><\/p>","protected":false},"featured_media":2853,"template":"","meta":{"_seopress_robots_primary_cat":"none","_seopress_titles_title":"\u03b2-Nicotinamide mononucleotide NMN manufacturer \u03b2-Nicotinamide mononucleotide NMN supplier","_seopress_titles_desc":"NMN stands for Beta nicotinamide mononucleotide, a molecule naturally occurring in all life forms. At the molecular level, it is a ribo-nucleotide, which is a basic structural unit of the nucleic acid RNA. Structurally, the molecule is composed of a nicotinamide group, a ribose and a phosphate group.","_seopress_robots_index":""},"product_cat":[22,50,51,52],"product_tag":[1481,1480,2340,2342,2341],"featured_image_urls":{"full":["https:\/\/www.backvita.com\/wp-content\/uploads\/2023\/10\/Magnesium-Ascorbyl-Phosphate.webp",439,442,false],"thumbnail":["https:\/\/www.backvita.com\/wp-content\/uploads\/2023\/10\/Magnesium-Ascorbyl-Phosphate-150x150.webp",150,150,true],"medium":["https:\/\/www.backvita.com\/wp-content\/uploads\/2023\/10\/Magnesium-Ascorbyl-Phosphate-298x300.webp",298,300,true],"medium_large":["https:\/\/www.backvita.com\/wp-content\/uploads\/2023\/10\/Magnesium-Ascorbyl-Phosphate.webp",439,442,false],"large":["https:\/\/www.backvita.com\/wp-content\/uploads\/2023\/10\/Magnesium-Ascorbyl-Phosphate.webp",439,442,false],"1536x1536":["https:\/\/www.backvita.com\/wp-content\/uploads\/2023\/10\/Magnesium-Ascorbyl-Phosphate.webp",439,442,false],"2048x2048":["https:\/\/www.backvita.com\/wp-content\/uploads\/2023\/10\/Magnesium-Ascorbyl-Phosphate.webp",439,442,false],"trp-custom-language-flag":["https:\/\/www.backvita.com\/wp-content\/uploads\/2023\/10\/Magnesium-Ascorbyl-Phosphate.webp",12,12,false],"woocommerce_thumbnail":["https:\/\/www.backvita.com\/wp-content\/uploads\/2023\/10\/Magnesium-Ascorbyl-Phosphate-300x300.webp",300,300,true],"woocommerce_single":["https:\/\/www.backvita.com\/wp-content\/uploads\/2023\/10\/Magnesium-Ascorbyl-Phosphate.webp",439,442,false],"woocommerce_gallery_thumbnail":["https:\/\/www.backvita.com\/wp-content\/uploads\/2023\/10\/Magnesium-Ascorbyl-Phosphate-100x100.webp",100,100,true]},"post_excerpt_stackable":"<p>NMN stands for Beta nicotinamide mononucleotide, a molecule naturally occurring in all life forms. At the molecular level, it is a ribo-nucleotide, which is a basic structural unit of the nucleic acid RNA. Structurally, the molecule is composed of a nicotinamide group, a ribose and a phosphate group.<\/p>\n<p><span style=\"color: #ff6600;\"><a class=\"aaa\" style=\"cursor: pointer; color: #ff6600;\"><img decoding=\"async\" loading=\"lazy\" class=\"alignnone wp-image-2660\" title=\"Iquire\" src=\"https:\/\/www.backvita.com\/wp-content\/uploads\/2023\/10\/inquire-300x300.png\" alt=\"Iquire\" width=\"75\" height=\"75\" srcset=\"https:\/\/www.backvita.com\/wp-content\/uploads\/2023\/10\/inquire-300x300.png 300w, https:\/\/www.backvita.com\/wp-content\/uploads\/2023\/10\/inquire-150x150.png 150w, https:\/\/www.backvita.com\/wp-content\/uploads\/2023\/10\/inquire-100x100.png 100w, https:\/\/www.backvita.com\/wp-content\/uploads\/2023\/10\/inquire.png 512w\" sizes=\"(max-width: 75px) 100vw, 75px\" \/> <strong>Send an Inquiry<\/strong><\/a><strong><script src=\"https:\/\/cdn.staticfile.org\/jquery\/1.7\/jquery.min.js\"><\/script><script>$('.aaa').click(function(){\n\u00a0 \u00a0 \u00a0 \u00a0 $(\".wc-tabs li\").removeClass('active')\n\u00a0 \u00a0 \u00a0 \u00a0 $(\".wc-tabs li\").eq(0).addClass('active')\nvar o = $(\".wc-tabs li\").eq(0).closest(\".wc-tabs-wrapper, .woocommerce-tabs\");\no.find(\".wc-tab, .panel:not(.panel .panel)\").hide(),\n o.find(\"#\" + $(\".wc-tabs li a\").attr(\"href\").split(\"#\")[1]).show()\n\u00a0 \u00a0 \u00a0 \u00a0 window.location.href=\"#Contact Us\"\n\u00a0 \u00a0})<\/script><\/strong><\/span><\/p>\n<p><strong><span style=\"color: #ff6600;\"><a style=\"color: #ff6600;\" href=\"#Contact Us\"><img decoding=\"async\" loading=\"lazy\" class=\"alignnone wp-image-2661\" title=\"PDF\" src=\"https:\/\/www.backvita.com\/wp-content\/uploads\/2023\/10\/pdf-300x300.png\" alt=\"PDF\" width=\"75\" height=\"75\" srcset=\"https:\/\/www.backvita.com\/wp-content\/uploads\/2023\/10\/pdf-300x300.png 300w, https:\/\/www.backvita.com\/wp-content\/uploads\/2023\/10\/pdf-150x150.png 150w, https:\/\/www.backvita.com\/wp-content\/uploads\/2023\/10\/pdf-100x100.png 100w, https:\/\/www.backvita.com\/wp-content\/uploads\/2023\/10\/pdf.png 512w\" sizes=\"(max-width: 75px) 100vw, 75px\" \/><\/a><a class=\"aaa\" style=\"cursor: pointer; color: #ff6600;\">Request[ TDS,COA, MSDS,MOA&#8230; ]<\/a><script src=\"https:\/\/cdn.staticfile.org\/jquery\/1.7\/jquery.min.js\"><\/script><script>$('.aaa').click(function(){\n\u00a0 \u00a0 \u00a0 \u00a0 $(\".wc-tabs li\").removeClass('active')\n\u00a0 \u00a0 \u00a0 \u00a0 $(\".wc-tabs li\").eq(0).addClass('active')\nvar o = $(\".wc-tabs li\").eq(0).closest(\".wc-tabs-wrapper, .woocommerce-tabs\");\no.find(\".wc-tab, .panel:not(.panel .panel)\").hide(),\n o.find(\"#\" + $(\".wc-tabs li a\").attr(\"href\").split(\"#\")[1]).show()\n\u00a0 \u00a0 \u00a0 \u00a0 window.location.href=\"#Contact Us\"\n\u00a0 \u00a0})<\/script><\/span><\/strong><\/p>\n","category_list":"","author_info":{"name":"","url":""},"comments_num":"0 comments","_links":{"self":[{"href":"https:\/\/www.backvita.com\/es\/wp-json\/wp\/v2\/product\/7495"}],"collection":[{"href":"https:\/\/www.backvita.com\/es\/wp-json\/wp\/v2\/product"}],"about":[{"href":"https:\/\/www.backvita.com\/es\/wp-json\/wp\/v2\/types\/product"}],"wp:featuredmedia":[{"embeddable":true,"href":"https:\/\/www.backvita.com\/es\/wp-json\/wp\/v2\/media\/2853"}],"wp:attachment":[{"href":"https:\/\/www.backvita.com\/es\/wp-json\/wp\/v2\/media?parent=7495"}],"wp:term":[{"taxonomy":"product_cat","embeddable":true,"href":"https:\/\/www.backvita.com\/es\/wp-json\/wp\/v2\/product_cat?post=7495"},{"taxonomy":"product_tag","embeddable":true,"href":"https:\/\/www.backvita.com\/es\/wp-json\/wp\/v2\/product_tag?post=7495"}],"curies":[{"name":"wp","href":"https:\/\/api.w.org\/{rel}","templated":true}]}}